{"id":65,"date":"2022-09-14T15:30:34","date_gmt":"2022-09-14T13:30:34","guid":{"rendered":"https:\/\/naturerlebnispfad.alraune-hamburg.de\/?page_id=65"},"modified":"2026-03-19T14:39:22","modified_gmt":"2026-03-19T13:39:22","slug":"impressum","status":"publish","type":"page","link":"https:\/\/naturerlebnispfad-alraune.de\/index.php\/impressum\/","title":{"rendered":"Impressum"},"content":{"rendered":"\n<h2 class=\"wp-block-heading\">Alraune gGmbH<\/h2>\n\n\n\n<p>Gemeinn\u00fctzige Gesellschaft zur F\u00f6rderung der<br>Teilhabechancen und Verbesserung der<br>Lebensqualit\u00e4t benachteiligter Menschen mbH<\/p>\n\n\n\n<p>Schreyerring 27<br>22309 Hamburg<br>Tel: +49 &#8211; (0)40 &#8211; 632 004 &#8211; 20 (Zentrale)<br>E-Mail: <a href=\"mailto:team@alraune-hamburg.de\">team@alraune-hamburg.de<\/a><\/p>\n\n\n\n<p>Vertretungsberechtigte Gesch\u00e4ftsf\u00fchrerin:<br>Petra Lafferentz<\/p>\n\n\n\n<p>Registergericht: Amtsgericht Hamburg<br>Registernummer: HRB 90325<br>Steuernummer: 17\/402\/09767<\/p>\n\n\n\n<p>Haftungshinweis:<br>Trotz sorgf\u00e4ltiger inhaltlicher Kontrolle \u00fcbernehmen wir keine Haftung f\u00fcr die Inhalte externer Links. F\u00fcr den Inhalt der verlinkten Seiten sind ausschlie\u00dflich deren Betreiber verantwortlich.<\/p>\n","protected":false},"excerpt":{"rendered":"<p>Alraune gGmbH Gemeinn\u00fctzige Gesellschaft zur F\u00f6rderung derTeilhabechancen und Verbesserung derLebensqualit\u00e4t benachteiligter Menschen mbH Schreyerring 2722309 HamburgTel: +49 &#8211; (0)40 &#8211; 632 004 &#8211; 20 (Zentrale)E-Mail: team@alraune-hamburg.de Vertretungsberechtigte Gesch\u00e4ftsf\u00fchrerin:Petra Lafferentz Registergericht: Amtsgericht HamburgRegisternummer: HRB 90325Steuernummer: 17\/402\/09767 Haftungshinweis:Trotz sorgf\u00e4ltiger inhaltlicher Kontrolle \u00fcbernehmen wir keine Haftung f\u00fcr die Inhalte externer Links. F\u00fcr den Inhalt der verlinkten Seiten sind &hellip; <\/p>\n<p class=\"link-more\"><a href=\"https:\/\/naturerlebnispfad-alraune.de\/index.php\/impressum\/\" class=\"more-link\"><span class=\"screen-reader-text\">\u201eImpressum\u201c <\/span>weiterlesen<\/a><\/p>\n","protected":false},"author":1,"featured_media":0,"parent":0,"menu_order":0,"comment_status":"closed","ping_status":"closed","template":"","meta":{"footnotes":""},"class_list":["post-65","page","type-page","status-publish","hentry"],"_links":{"self":[{"href":"https:\/\/naturerlebnispfad-alraune.de\/index.php\/wp-json\/wp\/v2\/pages\/65","targetHints":{"allow":["GET"]}}],"collection":[{"href":"https:\/\/naturerlebnispfad-alraune.de\/index.php\/wp-json\/wp\/v2\/pages"}],"about":[{"href":"https:\/\/naturerlebnispfad-alraune.de\/index.php\/wp-json\/wp\/v2\/types\/page"}],"author":[{"embeddable":true,"href":"https:\/\/naturerlebnispfad-alraune.de\/index.php\/wp-json\/wp\/v2\/users\/1"}],"replies":[{"embeddable":true,"href":"https:\/\/naturerlebnispfad-alraune.de\/index.php\/wp-json\/wp\/v2\/comments?post=65"}],"version-history":[{"count":3,"href":"https:\/\/naturerlebnispfad-alraune.de\/index.php\/wp-json\/wp\/v2\/pages\/65\/revisions"}],"predecessor-version":[{"id":1090,"href":"https:\/\/naturerlebnispfad-alraune.de\/index.php\/wp-json\/wp\/v2\/pages\/65\/revisions\/1090"}],"wp:attachment":[{"href":"https:\/\/naturerlebnispfad-alraune.de\/index.php\/wp-json\/wp\/v2\/media?parent=65"}],"curies":[{"name":"wp","href":"https:\/\/api.w.org\/{rel}","templated":true}]}}