{"id":62,"date":"2022-09-14T19:10:06","date_gmt":"2022-09-14T17:10:06","guid":{"rendered":"https:\/\/naturerlebnispfad.alraune-hamburg.de\/?page_id=62"},"modified":"2026-03-11T11:43:33","modified_gmt":"2026-03-11T10:43:33","slug":"aktuelles","status":"publish","type":"page","link":"https:\/\/naturerlebnispfad-alraune.de\/index.php\/aktuelles\/","title":{"rendered":"Aktuelles"},"content":{"rendered":"\n<figure class=\"wp-block-image size-large\"><img loading=\"lazy\" decoding=\"async\" width=\"1024\" height=\"703\" src=\"https:\/\/naturerlebnispfad-alraune.de\/wp-content\/uploads\/2026\/03\/grafik-1024x703.png\" alt=\"\" class=\"wp-image-1078\" srcset=\"https:\/\/naturerlebnispfad-alraune.de\/wp-content\/uploads\/2026\/03\/grafik-1024x703.png 1024w, https:\/\/naturerlebnispfad-alraune.de\/wp-content\/uploads\/2026\/03\/grafik-300x206.png 300w, https:\/\/naturerlebnispfad-alraune.de\/wp-content\/uploads\/2026\/03\/grafik-768x527.png 768w, https:\/\/naturerlebnispfad-alraune.de\/wp-content\/uploads\/2026\/03\/grafik.png 1128w\" sizes=\"auto, (max-width: 706px) 89vw, (max-width: 767px) 82vw, 740px\" \/><\/figure>\n\n\n\n<p>Die Geschichten vom Kleinen Volk <strong>aus unserem Blog<\/strong> gibt es jetzt auch als Hardcover Buch. Es enth\u00e4lt die ersten sechs Geschichten und es kostet 10 \u20ac.<\/p>\n\n\n\n<p>Erh\u00e4ltlich ist das Buch:<\/p>\n\n\n\n<p>beim Naturerlebnispfad Alraune, Fabriciusstra\u00dfe\u00a0 225, 22177 Hamburg<\/p>\n\n\n\n<p>im Hofladen Bullerb\u00fc, Fritz-Flinte-Ring 41a, 22309 Hamburg<\/p>\n\n\n\n<p>im Cafe Tschai, Waldd\u00f6rfer Str. 91 (Zugang \u00fcber Ke\u00dflersweg), 22041 Hamburg<\/p>\n\n\n\n<p>und i.d.R.  jeden ersten Freitag von 8 Uhr \u2013 13 Uhr im Monat auf dem Wochenmarkt Bramfeld in der Herthastra\u00dfe vor der Marktplatz-Galerie.<\/p>\n\n\n\n<p class=\"has-text-align-center\"><\/p>\n\n\n\n<h1 class=\"wp-block-heading has-text-align-left\"><strong>Familienprogramm<\/strong><\/h1>\n\n\n\n<p class=\"has-text-align-left\">Seit Juli 2025 bieten wir nicht nur f\u00fcr Grund- und Vorschulklassen ein spannendes ca 3 st\u00fcndiges Erlebnisprogramm (siehe unten), sondern \u00f6ffnen jeweils Donnerstags ab 15:30 Uhr und Samstags ab 10:00 Uhr unsere Tore f\u00fcr Famililen.<\/p>\n\n\n\n<p class=\"has-text-align-left\">Die aktuellen Programme finden Sie jeweils hier.<\/p>\n\n\n\n<figure class=\"wp-block-image size-full\"><img loading=\"lazy\" decoding=\"async\" width=\"592\" height=\"843\" src=\"https:\/\/naturerlebnispfad-alraune.de\/wp-content\/uploads\/2026\/02\/grafik-4.png\" alt=\"\" class=\"wp-image-1031\" srcset=\"https:\/\/naturerlebnispfad-alraune.de\/wp-content\/uploads\/2026\/02\/grafik-4.png 592w, https:\/\/naturerlebnispfad-alraune.de\/wp-content\/uploads\/2026\/02\/grafik-4-211x300.png 211w\" sizes=\"auto, (max-width: 592px) 100vw, 592px\" \/><\/figure>\n\n\n\n<p class=\"has-text-align-left\"><\/p>\n\n\n\n<p><\/p>\n\n\n\n<h2 class=\"wp-block-heading has-text-align-center\"><strong>Die Sinne \u00f6ffnen! Die Phantasie befl\u00fcgeln!<\/strong><\/h2>\n\n\n\n<p class=\"has-text-align-center has-text-color\" style=\"color:#008000\">Sie finden es bei uns um die Ecke auf dem Naturerlebnispfad.<\/p>\n\n\n\n<p class=\"has-text-align-center\"><strong>Kommen Sie auf einen Familienbesuch. Erleben sie das ganze Jahr die gro\u00dfe Vielfalt der Natur und lassen Sie sich und ihre Kinder von ihr umfassen.<\/strong><\/p>\n\n\n\n<p class=\"has-text-align-center\">Geben Sie dem der Entdeckerlust ihrer Kinder Raum &#8211; und lassen ihrer Phantasie Fl\u00fcgel wachsen.<\/p>\n\n\n\n<ul class=\"wp-block-list\">\n<li>Bringen Sie ein St\u00fcck Offenheit mit f\u00fcr alles was Ihnen begegnet und (f\u00fcr das,) was Sie entdecken k\u00f6nnen. Dazu einen gef\u00fcllten Picknickkorb (wenn sie m\u00f6chten) oder Sie grillen mit den Kindern Stockbrot am Lagerfeuer.<\/li>\n\n\n\n<li>Erleben Sie mit Ihren Kindern was es alles zwischen Humusboden und Baumwipfeln zu sehen und zu h\u00f6ren gibt. Kann man Schmetterlinge h\u00f6ren? ABER JA! Vorschulkinder jedenfalls k\u00f6nnen das noch. Wir erhielten \u00fcberzeugende Berichte davon nach dem \u201eAugen zu \u2013 Ohren auf Spiel\u201c.<\/li>\n\n\n\n<li>Ist ein Molch eklig-glitschig oder f\u00fchlt sich seine Haut ganz samtig an? Und warum muss man ganz vorsichtig mit ihm sein und darf ihn nicht mit nach Hause nehmen. So schwer es auch f\u00e4llt?<\/li>\n\n\n\n<li>Gibt es Tiere, die Erde machen k\u00f6nnen? Sogar ganz viele verschiedene. Man kann einen Blick in ihre dunkle, k\u00fchle Welt werfen und als kleiner Forscher mehr \u00fcber sie erfahren.<\/li>\n\n\n\n<li>Die Honig-Bienen machen f\u00fcr uns Honig. Das wei\u00df jedes Kind. Wollen wir mal sehen, wie es bei denen zu Hause aussieht? Ihr bekommt einen Imkeranzug an und los geht\u2019s. Die Honig-Bienen haben wilde Schwestern. Ihr k\u00f6nnt ihnen helfen. Wir zeigen Euch, wie sie wohnen und wie man f\u00fcr sie kleine H\u00e4user baut. Diese k\u00f6nnen dann mit nach Hause genommen werden und im Garten oder auf dem Balkon eure Bienen erfreuen.<\/li>\n\n\n\n<li>Oder wir gehen zum Teich und fangen ein, was dort alles so herumschwimmt. Das sehen wir uns im Aquarium an und lassen dann alle Wassermonster wieder frei.<\/li>\n<\/ul>\n\n\n\n<p>Und dann haben wir noch&#8230;<\/p>\n\n\n\n<div class=\"wp-block-columns is-layout-flex wp-container-core-columns-is-layout-9d6595d7 wp-block-columns-is-layout-flex\"><\/div>\n\n\n\n<p><strong><em>Machen Sie einen Besuch bei uns aus. Rufen Sie uns an oder schreiben Sie uns eine E-Mail. Wir planen mit Ihnen gemeinsam nach Ihren W\u00fcnschen soweit m\u00f6glich.<\/em><\/strong><\/p>\n\n\n\n<p><strong><em>Wir stellen f\u00fcr die Kinder die Expeditionsausr\u00fcstungen wie Kescher, Lupen usw. und f\u00fcr die \u00e4lteren z.B. Ferngl\u00e4ser etc.<\/em> bereit<\/strong>.<\/p>\n\n\n\n<p><strong><em>Sie erreichen uns wie folgt:<\/em><\/strong><\/p>\n\n\n\n<figure class=\"wp-block-table is-style-stripes\"><table class=\"has-fixed-layout\"><tbody><tr><td>Festnetz<\/td><td><em>040 20905009<\/em><\/td><\/tr><tr><td>E-Mail<\/td><td><a href=\"mailto:team@naturerlebnispfad-alraune.de\">team@naturerlebnispfad-alraune.de<\/a><\/td><\/tr><\/tbody><\/table><\/figure>\n\n\n\n<p><strong><em>Maximal 24 Kinder<\/em><\/strong><br><strong><em>Dienstag &#8211; Donnerstag ab 09:00 Uhr f\u00fcr 2 -3 Stunden pro Gruppe <\/em><\/strong><\/p>\n\n\n\n<p><strong><em>Euer Team vom Naturerlebnispfad<\/em><\/strong><\/p>\n","protected":false},"excerpt":{"rendered":"<p>Die Geschichten vom Kleinen Volk aus unserem Blog gibt es jetzt auch als Hardcover Buch. Es enth\u00e4lt die ersten sechs Geschichten und es kostet 10 \u20ac. Erh\u00e4ltlich ist das Buch: beim Naturerlebnispfad Alraune, Fabriciusstra\u00dfe\u00a0 225, 22177 Hamburg im Hofladen Bullerb\u00fc, Fritz-Flinte-Ring 41a, 22309 Hamburg im Cafe Tschai, Waldd\u00f6rfer Str. 91 (Zugang \u00fcber Ke\u00dflersweg), 22041 Hamburg &hellip; <\/p>\n<p class=\"link-more\"><a href=\"https:\/\/naturerlebnispfad-alraune.de\/index.php\/aktuelles\/\" class=\"more-link\"><span class=\"screen-reader-text\">\u201eAktuelles\u201c <\/span>weiterlesen<\/a><\/p>\n","protected":false},"author":1,"featured_media":0,"parent":0,"menu_order":0,"comment_status":"closed","ping_status":"closed","template":"","meta":{"footnotes":""},"class_list":["post-62","page","type-page","status-publish","hentry"],"_links":{"self":[{"href":"https:\/\/naturerlebnispfad-alraune.de\/index.php\/wp-json\/wp\/v2\/pages\/62","targetHints":{"allow":["GET"]}}],"collection":[{"href":"https:\/\/naturerlebnispfad-alraune.de\/index.php\/wp-json\/wp\/v2\/pages"}],"about":[{"href":"https:\/\/naturerlebnispfad-alraune.de\/index.php\/wp-json\/wp\/v2\/types\/page"}],"author":[{"embeddable":true,"href":"https:\/\/naturerlebnispfad-alraune.de\/index.php\/wp-json\/wp\/v2\/users\/1"}],"replies":[{"embeddable":true,"href":"https:\/\/naturerlebnispfad-alraune.de\/index.php\/wp-json\/wp\/v2\/comments?post=62"}],"version-history":[{"count":34,"href":"https:\/\/naturerlebnispfad-alraune.de\/index.php\/wp-json\/wp\/v2\/pages\/62\/revisions"}],"predecessor-version":[{"id":1085,"href":"https:\/\/naturerlebnispfad-alraune.de\/index.php\/wp-json\/wp\/v2\/pages\/62\/revisions\/1085"}],"wp:attachment":[{"href":"https:\/\/naturerlebnispfad-alraune.de\/index.php\/wp-json\/wp\/v2\/media?parent=62"}],"curies":[{"name":"wp","href":"https:\/\/api.w.org\/{rel}","templated":true}]}}