{"id":55,"date":"2022-09-14T16:59:22","date_gmt":"2022-09-14T14:59:22","guid":{"rendered":"https:\/\/naturerlebnispfad.alraune-hamburg.de\/?page_id=55"},"modified":"2026-03-29T18:57:23","modified_gmt":"2026-03-29T16:57:23","slug":"startseite","status":"publish","type":"page","link":"https:\/\/naturerlebnispfad-alraune.de\/","title":{"rendered":"Startseite"},"content":{"rendered":"\n<div class=\"alignnormal\"><div id=\"metaslider-id-98\" style=\"width: 100%;\" class=\"ml-slider-3-109-0 metaslider metaslider-flex metaslider-98 ml-slider has-dots-nav ms-theme-default\" role=\"region\" aria-label=\"New Slideshow\" data-height=\"300\" data-width=\"700\">\n    <div id=\"metaslider_container_98\">\n        <div id=\"metaslider_98\">\n            <ul class='slides'>\n                <li style=\"display: block; width: 100%;\" class=\"slide-1126 ms-image \" aria-roledescription=\"slide\" data-date=\"2026-03-20 21:37:03\" data-filename=\"Floss-700x300.jpg\" data-slide-type=\"image\"><img loading=\"lazy\" decoding=\"async\" src=\"https:\/\/naturerlebnispfad-alraune.de\/wp-content\/uploads\/2026\/03\/Floss-700x300.jpg\" height=\"300\" width=\"700\" alt=\"\" class=\"slider-98 slide-1126 msDefaultImage\" title=\"Flo\u00df\" \/><\/li>\n                <li style=\"display: none; width: 100%;\" class=\"slide-1127 ms-image \" aria-roledescription=\"slide\" data-date=\"2026-03-20 21:37:42\" data-filename=\"Seil-II-700x300.jpg\" data-slide-type=\"image\"><img loading=\"lazy\" decoding=\"async\" src=\"https:\/\/naturerlebnispfad-alraune.de\/wp-content\/uploads\/2026\/03\/Seil-II-700x300.jpg\" height=\"300\" width=\"700\" alt=\"\" class=\"slider-98 slide-1127 msDefaultImage\" title=\"Seil II\" \/><\/li>\n                <li style=\"display: none; width: 100%;\" class=\"slide-1128 ms-image \" aria-roledescription=\"slide\" data-date=\"2026-03-20 21:38:05\" data-filename=\"Honigglas-700x300.jpg\" data-slide-type=\"image\"><img loading=\"lazy\" decoding=\"async\" src=\"https:\/\/naturerlebnispfad-alraune.de\/wp-content\/uploads\/2026\/03\/Honigglas-700x300.jpg\" height=\"300\" width=\"700\" alt=\"\" class=\"slider-98 slide-1128 msDefaultImage\" title=\"Honigglas\" \/><\/li>\n                <li style=\"display: none; width: 100%;\" class=\"slide-1129 ms-image \" aria-roledescription=\"slide\" data-date=\"2026-03-20 21:38:31\" data-filename=\"Apfelernte-700x300.jpg\" data-slide-type=\"image\"><img loading=\"lazy\" decoding=\"async\" src=\"https:\/\/naturerlebnispfad-alraune.de\/wp-content\/uploads\/2026\/03\/Apfelernte-700x300.jpg\" height=\"300\" width=\"700\" alt=\"\" class=\"slider-98 slide-1129 msDefaultImage\" title=\"Apfelernte\" \/><\/li>\n                <li style=\"display: none; width: 100%;\" class=\"slide-1130 ms-image \" aria-roledescription=\"slide\" data-date=\"2026-03-20 21:39:00\" data-filename=\"Stockbrot-II-700x300.jpg\" data-slide-type=\"image\"><img loading=\"lazy\" decoding=\"async\" src=\"https:\/\/naturerlebnispfad-alraune.de\/wp-content\/uploads\/2026\/03\/Stockbrot-II-700x300.jpg\" height=\"300\" width=\"700\" alt=\"\" class=\"slider-98 slide-1130 msDefaultImage\" title=\"Stockbrot II\" \/><\/li>\n                <li style=\"display: none; width: 100%;\" class=\"slide-1131 ms-image \" aria-roledescription=\"slide\" data-date=\"2026-03-20 21:42:20\" data-filename=\"bienenstation2-700x300.jpg\" data-slide-type=\"image\"><img loading=\"lazy\" decoding=\"async\" src=\"https:\/\/naturerlebnispfad-alraune.de\/wp-content\/uploads\/2022\/09\/bienenstation2-700x300.jpg\" height=\"300\" width=\"700\" alt=\"\" class=\"slider-98 slide-1131 msDefaultImage\" title=\"bienenstation2\" \/><\/li>\n                <li style=\"display: none; width: 100%;\" class=\"slide-1132 ms-image \" aria-roledescription=\"slide\" data-date=\"2026-03-20 21:43:08\" data-filename=\"Gemuesebeet-1-700x300.jpg\" data-slide-type=\"image\"><img loading=\"lazy\" decoding=\"async\" src=\"https:\/\/naturerlebnispfad-alraune.de\/wp-content\/uploads\/2026\/03\/Gemuesebeet-1-700x300.jpg\" height=\"300\" width=\"700\" alt=\"\" class=\"slider-98 slide-1132 msDefaultImage\" title=\"Gem\u00fcsebeet\" \/><\/li>\n                <li style=\"display: none; width: 100%;\" class=\"slide-1133 ms-image \" aria-roledescription=\"slide\" data-date=\"2026-03-20 21:43:49\" data-filename=\"Schaukasten-700x300.jpg\" data-slide-type=\"image\"><img loading=\"lazy\" decoding=\"async\" src=\"https:\/\/naturerlebnispfad-alraune.de\/wp-content\/uploads\/2026\/03\/Schaukasten-700x300.jpg\" height=\"300\" width=\"700\" alt=\"\" class=\"slider-98 slide-1133 msDefaultImage\" title=\"Schaukasten\" \/><\/li>\n                <li style=\"display: none; width: 100%;\" class=\"slide-1135 ms-image \" aria-roledescription=\"slide\" data-date=\"2026-03-20 21:46:58\" data-filename=\"Lehmbackofen-III-700x300.jpg\" data-slide-type=\"image\"><img loading=\"lazy\" decoding=\"async\" src=\"https:\/\/naturerlebnispfad-alraune.de\/wp-content\/uploads\/2026\/03\/Lehmbackofen-III-700x300.jpg\" height=\"300\" width=\"700\" alt=\"\" class=\"slider-98 slide-1135 msDefaultImage\" title=\"Lehmbackofen III\" \/><\/li>\n            <\/ul>\n        <\/div>\n        \n    <\/div>\n<\/div><\/div>\n\n\n\n<h2 class=\"wp-block-heading\">Habt Ihr euch schon mal gefragt:<\/h2>\n\n\n\n<div class=\"wp-block-columns is-layout-flex wp-container-core-columns-is-layout-9d6595d7 wp-block-columns-is-layout-flex\">\n<div class=\"wp-block-column is-layout-flow wp-block-column-is-layout-flow\" style=\"flex-basis:75%\">\n<h2 class=\"wp-block-heading\">Unsere&nbsp;Idee: Einen Naturerlebnispfad f\u00fcr Kinder aus den umliegenden Stadtteilen zu bauen.<\/h2>\n\n\n\n<div style=\"margin-left: 2em;\"><ul><li>Wer lebt im Teich?<\/li><li>Welche Pflanzen sind giftig?<\/li><li>Wie funktioniert eigentlich ein Komposthaufen?<\/li><li>Welche V\u00f6gel leben in der Stadt?<\/li><li>Was ist ein Flie\u00dfgew\u00e4sser und f\u00fcr wen ist es Lebensraum?<\/li><li>Welche Kr\u00e4uter kommen wie in den Quark, in die Butter, den K\u00e4se oder die Bonbons?<\/li><li>Gibt es wirklich Zauberwesen im Wald?<\/li><li>Sind Bienen nur Honiglieferanten oder k\u00f6nnen die noch mehr?<\/li><li>Was macht eigentlich ein Imker und kann ich das auch?<\/li><\/ul><\/div>\n\n\n\n<div style=\"height:50px\" aria-hidden=\"true\" class=\"wp-block-spacer\"><\/div>\n\n\n\n<blockquote>\n<strong>\nZu oft geben wir unseren Kindern Antworten, die sie behalten sollen, anstatt Aufgaben, die sie l\u00f6sen sollen.\n<\/strong>\n<cite>\n<code>\n(Roger Lewin, amerikanischer Anthropologe und Wissenschaftsjournalist, geb. 1946)\n<\/code>\n<\/cite>\n<\/blockquote>\n\n\n\n<div style=\"height:50px\" aria-hidden=\"true\" class=\"wp-block-spacer\"><\/div>\n\n\n\n<p>Mitten im Stadtteil Bramfeld, neben dem st\u00e4dtischen Hallenbad, ist in den vergangenen Jahren ein gro\u00dfartiger Ort entstanden: Der einmalige Naturerlebnispfad f\u00fcr Kinder der benachbarten Stadtteile. Auf dem ca. 16.000 qm gro\u00dfen Gel\u00e4nde des Ausbildungszentrums des Garten- und Landschaftsbaus (AZG) der Alraune gGmbH warten viele gro\u00dfteils interaktive Stationen darauf, jungen Besucherinnen und Besuchern Natur mit allen Sinnen erfahrbar machen. Barfu\u00dfpfade, Balancierstrecken, Tastk\u00e4sten und Duftorgeln lassen uns sehen, h\u00f6ren, schmecken und begreifen, was die Natur uns zu bieten hat. Nahezu alle Sinne werden (u.a. optisch, haptisch, akustisch) sensibilisiert, die Beobachtung gesch\u00e4rft und die Begeisterung f\u00fcr Flora und Fauna geweckt.<\/p>\n\n\n\n<p>Speziell f\u00fcr den Stadtteil Steilshoop, der viele Menschen mit Migrationshintergrund und sogenannte bildungsferne Familien beherbergt, leistet dieser Lehr- und Erlebnispfad einen wichtigen Beitrag zur Umweltbildung. Er verf\u00fcgt \u00fcber M\u00f6glichkeiten, die der Lernort Schule nicht bietet.<\/p>\n\n\n\n<p>An nat\u00fcrliche Lebensr\u00e4ume (Erde, Wasser, Luft, Wald, Moor, Wiese, Garten) und \u00f6kologische Zusammenh\u00e4nge werden die Kinder herangef\u00fchrt. Der Lehrpfad schafft sowohl einen Bezug zur direkten Umgebung (\u00f6rtliche Wiedererkennung), als auch zum Alltag (kognitive Wiedererkennung).<\/p>\n\n\n\n<p>Da sich unser Angebot an Familien und vor allem an Kinder zwischen f\u00fcnf und zehn Jahren richtet, ist es uns wichtig, dass die einzelnen Stationen viele M\u00f6glichkeiten des aktiven Tuns bieten und Zusammenh\u00e4nge im Wortsinn \u201ebegriffen\u201c werden.<\/p>\n\n\n\n<p>Wir entwickeln und ver\u00e4ndern den Naturerlebnispfad stetig weiter. Begleitet uns auf diesem Weg, lernt das Team und alle Stationen kennen, schaut wer uns unterst\u00fctzt und wie ihr euch einbringen k\u00f6nnt.<\/p>\n\n\n\n<p>Die Umsetzung der Stationen haben unsere Nachbarn, Verb\u00e4nde und Vereine (NABU Ortsgruppe, Kleingartenverein, Hallenbadbetreiber etc.) aktiv mitgestalten: Allen helfenden H\u00e4nden geb\u00fchrt unser aufrichtiger Dank.<\/p>\n<\/div>\n\n\n\n<div class=\"wp-block-column is-layout-flow wp-block-column-is-layout-flow\" style=\"flex-basis:2%\"><\/div>\n\n\n\n<div class=\"wp-block-column is-layout-flow wp-block-column-is-layout-flow\">\n<h2 class=\"wp-block-heading has-text-align-center\">Wegeplan<\/h2>\n\n\n\n<figure class=\"wp-block-image size-full is-style-default\"><a href=\"https:\/\/naturerlebnispfad.alraune-hamburg.de\/index.php\/naturerlebnispfad\/\"><img loading=\"lazy\" decoding=\"async\" width=\"800\" height=\"915\" src=\"https:\/\/naturerlebnispfad.alraune-hamburg.de\/wp-content\/uploads\/2022\/09\/UebersichtsplanWebpng.png\" alt=\"\" class=\"wp-image-147\" srcset=\"https:\/\/naturerlebnispfad-alraune.de\/wp-content\/uploads\/2022\/09\/UebersichtsplanWebpng.png 800w, https:\/\/naturerlebnispfad-alraune.de\/wp-content\/uploads\/2022\/09\/UebersichtsplanWebpng-262x300.png 262w, https:\/\/naturerlebnispfad-alraune.de\/wp-content\/uploads\/2022\/09\/UebersichtsplanWebpng-768x878.png 768w\" sizes=\"auto, (max-width: 706px) 89vw, (max-width: 767px) 82vw, 740px\" \/><\/a><\/figure>\n<\/div>\n<\/div>\n","protected":false},"excerpt":{"rendered":"<p>Habt Ihr euch schon mal gefragt: Unsere&nbsp;Idee: Einen Naturerlebnispfad f\u00fcr Kinder aus den umliegenden Stadtteilen zu bauen. Wer lebt im Teich? Welche Pflanzen sind giftig? Wie funktioniert eigentlich ein Komposthaufen? Welche V\u00f6gel leben in der Stadt? Was ist ein Flie\u00dfgew\u00e4sser und f\u00fcr wen ist es Lebensraum? Welche Kr\u00e4uter kommen wie in den Quark, in die &hellip; <\/p>\n<p class=\"link-more\"><a href=\"https:\/\/naturerlebnispfad-alraune.de\/\" class=\"more-link\"><span class=\"screen-reader-text\">\u201eStartseite\u201c <\/span>weiterlesen<\/a><\/p>\n","protected":false},"author":1,"featured_media":0,"parent":0,"menu_order":0,"comment_status":"closed","ping_status":"closed","template":"","meta":{"footnotes":""},"class_list":["post-55","page","type-page","status-publish","hentry"],"_links":{"self":[{"href":"https:\/\/naturerlebnispfad-alraune.de\/index.php\/wp-json\/wp\/v2\/pages\/55","targetHints":{"allow":["GET"]}}],"collection":[{"href":"https:\/\/naturerlebnispfad-alraune.de\/index.php\/wp-json\/wp\/v2\/pages"}],"about":[{"href":"https:\/\/naturerlebnispfad-alraune.de\/index.php\/wp-json\/wp\/v2\/types\/page"}],"author":[{"embeddable":true,"href":"https:\/\/naturerlebnispfad-alraune.de\/index.php\/wp-json\/wp\/v2\/users\/1"}],"replies":[{"embeddable":true,"href":"https:\/\/naturerlebnispfad-alraune.de\/index.php\/wp-json\/wp\/v2\/comments?post=55"}],"version-history":[{"count":44,"href":"https:\/\/naturerlebnispfad-alraune.de\/index.php\/wp-json\/wp\/v2\/pages\/55\/revisions"}],"predecessor-version":[{"id":1177,"href":"https:\/\/naturerlebnispfad-alraune.de\/index.php\/wp-json\/wp\/v2\/pages\/55\/revisions\/1177"}],"wp:attachment":[{"href":"https:\/\/naturerlebnispfad-alraune.de\/index.php\/wp-json\/wp\/v2\/media?parent=55"}],"curies":[{"name":"wp","href":"https:\/\/api.w.org\/{rel}","templated":true}]}}