{"id":391,"date":"2022-09-15T17:39:26","date_gmt":"2022-09-15T15:39:26","guid":{"rendered":"https:\/\/naturerlebnispfad.alraune-hamburg.de\/?page_id=391"},"modified":"2022-09-15T17:39:26","modified_gmt":"2022-09-15T15:39:26","slug":"idee-eines-naturerlebnispfades","status":"publish","type":"page","link":"https:\/\/naturerlebnispfad-alraune.de\/index.php\/idee-eines-naturerlebnispfades\/","title":{"rendered":"Idee eines Naturerlebnispfades"},"content":{"rendered":"\n<figure class=\"wp-block-image size-large\"><img loading=\"lazy\" decoding=\"async\" width=\"1024\" height=\"768\" src=\"https:\/\/naturerlebnispfad.alraune-hamburg.de\/wp-content\/uploads\/2022\/09\/Eingangsbereich-1024x768.jpg\" alt=\"\" class=\"wp-image-392\" srcset=\"https:\/\/naturerlebnispfad-alraune.de\/wp-content\/uploads\/2022\/09\/Eingangsbereich-1024x768.jpg 1024w, https:\/\/naturerlebnispfad-alraune.de\/wp-content\/uploads\/2022\/09\/Eingangsbereich-300x225.jpg 300w, https:\/\/naturerlebnispfad-alraune.de\/wp-content\/uploads\/2022\/09\/Eingangsbereich-768x576.jpg 768w, https:\/\/naturerlebnispfad-alraune.de\/wp-content\/uploads\/2022\/09\/Eingangsbereich-1536x1152.jpg 1536w, https:\/\/naturerlebnispfad-alraune.de\/wp-content\/uploads\/2022\/09\/Eingangsbereich-2048x1536.jpg 2048w\" sizes=\"auto, (max-width: 706px) 89vw, (max-width: 767px) 82vw, 740px\" \/><\/figure>\n\n\n\n<p>f\u00fcr Kinder aus den umliegenden Stadtteilen auf dem Gel\u00e4nde des Ausbildungszentrums f\u00fcr Garten- und Landschaftsbau der Alraune gGmbH.<\/p>\n\n\n\n<p>Mitten in Hamburg, im Stadtteil Bramfeld, neben dem st\u00e4dtischen Hallenbad, umgeben von Schreberg\u00e4rten und einem Park an der Seebek liegt unser verkehrstechnisch gut angebundenes Ausbildungszentrum f\u00fcr Garten- und Landschaftsbau (AZG).<\/p>\n\n\n\n<figure class=\"wp-block-image size-full\"><img loading=\"lazy\" decoding=\"async\" width=\"720\" height=\"540\" src=\"https:\/\/naturerlebnispfad.alraune-hamburg.de\/wp-content\/uploads\/2022\/09\/Am-Libellenteich.jpg\" alt=\"\" class=\"wp-image-393\" srcset=\"https:\/\/naturerlebnispfad-alraune.de\/wp-content\/uploads\/2022\/09\/Am-Libellenteich.jpg 720w, https:\/\/naturerlebnispfad-alraune.de\/wp-content\/uploads\/2022\/09\/Am-Libellenteich-300x225.jpg 300w\" sizes=\"auto, (max-width: 720px) 100vw, 720px\" \/><\/figure>\n\n\n\n<p>Hier f\u00fchren wir als gemeinn\u00fctziger Bildungstr\u00e4ger Ausbildungs- und Umschulungsma\u00dfnahmen zum G\u00e4rtner der Fachrichtung Garten- und Landschaftsbau durch. Zielgruppe der durch die Freie und Hansestadt Hamburg, der Bundesagentur f\u00fcr Arbeit und den Jobcentern gef\u00f6rderten Ma\u00dfnahmen Qualifizierungsma\u00dfnahmen sind \u201ebenachteiligte\u201c Menschen. Deren Benachteiligungen sind i.d.R. mehrschichtig: Bildungsferne, schwieriges soziales Umfeld, Beeintr\u00e4chtigungen durch fr\u00fcheren Suchtmittelkonsum, psychische Beeintr\u00e4chtigungen oder Krankheiten u.a.). Auf dem ca. 16.000 qm gro\u00dfen Gel\u00e4nde entsteht ein Lehr- und Erlebnispfad f\u00fcr Kinderg\u00e4rten und Grundschulen. Speziell f\u00fcr den anliegendenStadtteil Steilshoop, der in Gro\u00dfwohnsiedlungen und Plattenbauten viele Menschen mit Migrationshintergrund und sog. bildungsferne Familien beherbergt, wird dieser Lehr- und Erlebnispfad einen Beitrag zur Umweltbildung leisten. Er wird \u00fcber Raum und M\u00f6glichkeiten verf\u00fcgen, den der Lernort Schule nicht bietet und somit eine gern besuchte Attraktion der zunehmend ganzt\u00e4gig ausgerichteten Betreuungs- und Bildungseinrichtungen. Interaktiv und handlungsorientiert sollen Wissen und Umweltbewusstsein erweitert werden. Nahezu alle Sinne werden (u.a. optisch, haptisch, akustisch) sensibilisiert, die Beobachtung gesch\u00e4rft und die Begeisterung f\u00fcr die Natur geweckt.<\/p>\n\n\n\n<figure class=\"wp-block-gallery has-nested-images columns-default is-cropped wp-block-gallery-1 is-layout-flex wp-block-gallery-is-layout-flex\">\n<figure class=\"wp-block-image size-large\"><img loading=\"lazy\" decoding=\"async\" width=\"720\" height=\"540\" data-id=\"394\" src=\"https:\/\/naturerlebnispfad.alraune-hamburg.de\/wp-content\/uploads\/2022\/09\/Waldpfad.jpg\" alt=\"\" class=\"wp-image-394\" srcset=\"https:\/\/naturerlebnispfad-alraune.de\/wp-content\/uploads\/2022\/09\/Waldpfad.jpg 720w, https:\/\/naturerlebnispfad-alraune.de\/wp-content\/uploads\/2022\/09\/Waldpfad-300x225.jpg 300w\" sizes=\"auto, (max-width: 720px) 100vw, 720px\" \/><\/figure>\n\n\n\n<figure class=\"wp-block-image size-large\"><img loading=\"lazy\" decoding=\"async\" width=\"720\" height=\"540\" data-id=\"395\" src=\"https:\/\/naturerlebnispfad.alraune-hamburg.de\/wp-content\/uploads\/2022\/09\/Beim-Imker.jpg\" alt=\"\" class=\"wp-image-395\" srcset=\"https:\/\/naturerlebnispfad-alraune.de\/wp-content\/uploads\/2022\/09\/Beim-Imker.jpg 720w, https:\/\/naturerlebnispfad-alraune.de\/wp-content\/uploads\/2022\/09\/Beim-Imker-300x225.jpg 300w\" sizes=\"auto, (max-width: 720px) 100vw, 720px\" \/><\/figure>\n<\/figure>\n\n\n\n<p>An Themenkomplexe wie: Lebensr\u00e4ume (Erde, Wasser, Luft, Wald, Moor, Wiese, Garten, Lebensr\u00e4ume in der Stadt), Flora und Fauna, und \u00f6kologische Zusammenh\u00e4nge werden die Kinder zielgruppengerecht herangef\u00fchrt. Der Lehrpfad wird sowohl einen Bezug zur direkten Umgebung (\u00f6rtliche Wiedererkennung), als auch zum Alltag (kognitive Wiedererkennung) schaffen. Da Informationen zu 30% durch Sehen und zu 90% durch Handeln aufgenommen werden, wird der Lehrpfad zum Erlebnispfad. Bei der Umsetzung der geplanten Stationen sollen umliegende Gremien, Verb\u00e4nde und Vereine (NABU Ortsgruppe, Kleingartenverein, Hallenbadbetreiber etc.) einbezogen werden.<\/p>\n\n\n\n<figure class=\"wp-block-image size-full\"><img loading=\"lazy\" decoding=\"async\" width=\"720\" height=\"540\" src=\"https:\/\/naturerlebnispfad.alraune-hamburg.de\/wp-content\/uploads\/2022\/09\/Waldpfad2.jpg\" alt=\"\" class=\"wp-image-396\" srcset=\"https:\/\/naturerlebnispfad-alraune.de\/wp-content\/uploads\/2022\/09\/Waldpfad2.jpg 720w, https:\/\/naturerlebnispfad-alraune.de\/wp-content\/uploads\/2022\/09\/Waldpfad2-300x225.jpg 300w\" sizes=\"auto, (max-width: 720px) 100vw, 720px\" \/><\/figure>\n\n\n\n<p>Geplant sind ca. 20 interaktive, unterschiedliche Sinne ansprechende Stationen. Da sich unser Angebot an Kinder zwischen f\u00fcnf und zehn Jahren richtet, ist es uns wichtig, dass die einzelnen Stationen viele M\u00f6glichkeiten des aktiven Tuns bieten und Zusammenh\u00e4nge sprichw\u00f6rtlich begriffen werden. Zur Nachhaltigkeit wird u.a. ein kleines B\u00fcchlein entstehen, das die Erkenntnisse der einzelnen Stationen abbildet und durch ein kleines Quiz erg\u00e4nzt.<\/p>\n\n\n\n<figure class=\"wp-block-image size-full\"><img loading=\"lazy\" decoding=\"async\" width=\"720\" height=\"540\" src=\"https:\/\/naturerlebnispfad.alraune-hamburg.de\/wp-content\/uploads\/2022\/09\/Stockbrot.jpg\" alt=\"\" class=\"wp-image-397\" srcset=\"https:\/\/naturerlebnispfad-alraune.de\/wp-content\/uploads\/2022\/09\/Stockbrot.jpg 720w, https:\/\/naturerlebnispfad-alraune.de\/wp-content\/uploads\/2022\/09\/Stockbrot-300x225.jpg 300w\" sizes=\"auto, (max-width: 720px) 100vw, 720px\" \/><\/figure>\n","protected":false},"excerpt":{"rendered":"<p>f\u00fcr Kinder aus den umliegenden Stadtteilen auf dem Gel\u00e4nde des Ausbildungszentrums f\u00fcr Garten- und Landschaftsbau der Alraune gGmbH. Mitten in Hamburg, im Stadtteil Bramfeld, neben dem st\u00e4dtischen Hallenbad, umgeben von Schreberg\u00e4rten und einem Park an der Seebek liegt unser verkehrstechnisch gut angebundenes Ausbildungszentrum f\u00fcr Garten- und Landschaftsbau (AZG). Hier f\u00fchren wir als gemeinn\u00fctziger Bildungstr\u00e4ger Ausbildungs- &hellip; <\/p>\n<p class=\"link-more\"><a href=\"https:\/\/naturerlebnispfad-alraune.de\/index.php\/idee-eines-naturerlebnispfades\/\" class=\"more-link\"><span class=\"screen-reader-text\">\u201eIdee eines Naturerlebnispfades\u201c <\/span>weiterlesen<\/a><\/p>\n","protected":false},"author":1,"featured_media":0,"parent":0,"menu_order":0,"comment_status":"closed","ping_status":"closed","template":"","meta":{"footnotes":""},"class_list":["post-391","page","type-page","status-publish","hentry"],"_links":{"self":[{"href":"https:\/\/naturerlebnispfad-alraune.de\/index.php\/wp-json\/wp\/v2\/pages\/391","targetHints":{"allow":["GET"]}}],"collection":[{"href":"https:\/\/naturerlebnispfad-alraune.de\/index.php\/wp-json\/wp\/v2\/pages"}],"about":[{"href":"https:\/\/naturerlebnispfad-alraune.de\/index.php\/wp-json\/wp\/v2\/types\/page"}],"author":[{"embeddable":true,"href":"https:\/\/naturerlebnispfad-alraune.de\/index.php\/wp-json\/wp\/v2\/users\/1"}],"replies":[{"embeddable":true,"href":"https:\/\/naturerlebnispfad-alraune.de\/index.php\/wp-json\/wp\/v2\/comments?post=391"}],"version-history":[{"count":1,"href":"https:\/\/naturerlebnispfad-alraune.de\/index.php\/wp-json\/wp\/v2\/pages\/391\/revisions"}],"predecessor-version":[{"id":398,"href":"https:\/\/naturerlebnispfad-alraune.de\/index.php\/wp-json\/wp\/v2\/pages\/391\/revisions\/398"}],"wp:attachment":[{"href":"https:\/\/naturerlebnispfad-alraune.de\/index.php\/wp-json\/wp\/v2\/media?parent=391"}],"curies":[{"name":"wp","href":"https:\/\/api.w.org\/{rel}","templated":true}]}}