{"id":385,"date":"2022-09-15T17:32:09","date_gmt":"2022-09-15T15:32:09","guid":{"rendered":"https:\/\/naturerlebnispfad.alraune-hamburg.de\/?page_id=385"},"modified":"2022-09-15T17:32:09","modified_gmt":"2022-09-15T15:32:09","slug":"ueber-alraune","status":"publish","type":"page","link":"https:\/\/naturerlebnispfad-alraune.de\/index.php\/ueber-alraune\/","title":{"rendered":"\u00dcber Alraune"},"content":{"rendered":"\n<p>Die gemeinn\u00fctzige Gesellschaft mbH, seit 2003 \u201eAlraune\u201c, wurde 1984 durch Mitarbeiter\/innen der SAGA-Mieterberatung und dem Steilshooper Amt f\u00fcr soziale Dienste gegr\u00fcndet. Ziel war es damals, als Stadtteilverein (\u201ef\u00fcr soziale Arbeit und Forschung Hamburg\u201c) benachteiligten Jugendlichen aus Steilshoop in ihrem Stadtteil ein Besch\u00e4ftigungs- und sp\u00e4ter ein Ausbildungsangebot zu machen. Zudem sollte die Arbeit den Selbstwert der Jugendlichen UND das Wohnumfeld aufwerten. Insbesondere benachteiligte M\u00e4dchen und junge Frauen sollten gef\u00f6rdert werden.<\/p>\n\n\n\n<p>Ziele, die Alraune nach wie vor \u2013 inzwischen auch \u00fcber Steilshoops Grenzen hinaus \u2013 verfolgt.<\/p>\n\n\n\n<p>Somit setzt sich die Alraune gGmbH &#8211; wie ihre Vorg\u00e4ngertr\u00e4ger &#8211; seit jeher als Ausbildungs- und Besch\u00e4ftigungstr\u00e4ger f\u00fcr Projekte zur Verkn\u00fcpfung von Quartiersentwicklung und Arbeitsmarktpolitik ein.<\/p>\n\n\n\n<p>Inzwischen betreibt sie etwa zwanzig Betriebsst\u00e4tten unterschiedlicher Gr\u00f6\u00dfe in den Hamburger Bezirken Wandsbek, Nord und Mitte. Wesentlicher T\u00e4tigkeitsschwerpunkt ist jedoch Steilshoop geblieben, wo vor allem \u201edas Caf\u00e9\u201c seit \u00fcber 20 Jahren ein gern besuchter gastronomischer Treffpunkt im Zentrum der Siedlung ist.<\/p>\n\n\n\n<p>Auf dem Ausbildungszentrum des Garten- und Landschaftsbaus (AZG) entsteht im Rahmen eines gro\u00dfartigen Projektes ein Naturlern- und Erlebnispfad f\u00fcr Kinder der benachbarten Stadtteile und dar\u00fcber hinaus.<br>Zwanzig zum Teil interaktive Stationen werden den jungen Besuchern Natur mit allen Sinnen erfahrbar machen.<br>Barfu\u00dfpfade, Balancierstrecken, Tastk\u00e4sten, Duftorgeln u.v.m. lassen uns sehen, h\u00f6ren, schmecken und begreifen, was unsere Natur zu bieten hat. Wenn Lernen zum Erlebnis wird und Umwelt bildet, ist unser Konzept am Ende aufgegangen.<\/p>\n\n\n\n<p>Noch stehen wir (18 motivierte Menschen mit den unterschiedlichsten Lebensl\u00e4ufen) am Anfang dieses gro\u00dfartigen Vorhabens. Begleitet uns auf dem Weg von der Idee bis zur ersten Besuchergruppe und dar\u00fcber hinaus. Lernt das Team kennen, seht die Stationen wachsen, schaut wer uns unterst\u00fctzt und wie Ihr dazugeh\u00f6ren k\u00f6nnt!<\/p>\n\n\n\n<p><a href=\"http:\/\/www.alraune-hamburg.de\">www.alraune-hamburg.de<\/a><\/p>\n","protected":false},"excerpt":{"rendered":"<p>Die gemeinn\u00fctzige Gesellschaft mbH, seit 2003 \u201eAlraune\u201c, wurde 1984 durch Mitarbeiter\/innen der SAGA-Mieterberatung und dem Steilshooper Amt f\u00fcr soziale Dienste gegr\u00fcndet. Ziel war es damals, als Stadtteilverein (\u201ef\u00fcr soziale Arbeit und Forschung Hamburg\u201c) benachteiligten Jugendlichen aus Steilshoop in ihrem Stadtteil ein Besch\u00e4ftigungs- und sp\u00e4ter ein Ausbildungsangebot zu machen. Zudem sollte die Arbeit den Selbstwert der &hellip; <\/p>\n<p class=\"link-more\"><a href=\"https:\/\/naturerlebnispfad-alraune.de\/index.php\/ueber-alraune\/\" class=\"more-link\"><span class=\"screen-reader-text\">\u201e\u00dcber Alraune\u201c <\/span>weiterlesen<\/a><\/p>\n","protected":false},"author":1,"featured_media":0,"parent":0,"menu_order":0,"comment_status":"closed","ping_status":"closed","template":"","meta":{"footnotes":""},"class_list":["post-385","page","type-page","status-publish","hentry"],"_links":{"self":[{"href":"https:\/\/naturerlebnispfad-alraune.de\/index.php\/wp-json\/wp\/v2\/pages\/385","targetHints":{"allow":["GET"]}}],"collection":[{"href":"https:\/\/naturerlebnispfad-alraune.de\/index.php\/wp-json\/wp\/v2\/pages"}],"about":[{"href":"https:\/\/naturerlebnispfad-alraune.de\/index.php\/wp-json\/wp\/v2\/types\/page"}],"author":[{"embeddable":true,"href":"https:\/\/naturerlebnispfad-alraune.de\/index.php\/wp-json\/wp\/v2\/users\/1"}],"replies":[{"embeddable":true,"href":"https:\/\/naturerlebnispfad-alraune.de\/index.php\/wp-json\/wp\/v2\/comments?post=385"}],"version-history":[{"count":1,"href":"https:\/\/naturerlebnispfad-alraune.de\/index.php\/wp-json\/wp\/v2\/pages\/385\/revisions"}],"predecessor-version":[{"id":386,"href":"https:\/\/naturerlebnispfad-alraune.de\/index.php\/wp-json\/wp\/v2\/pages\/385\/revisions\/386"}],"wp:attachment":[{"href":"https:\/\/naturerlebnispfad-alraune.de\/index.php\/wp-json\/wp\/v2\/media?parent=385"}],"curies":[{"name":"wp","href":"https:\/\/api.w.org\/{rel}","templated":true}]}}